{"id":1305,"date":"2021-05-14T03:32:46","date_gmt":"2021-05-14T03:32:46","guid":{"rendered":"http:\/\/tltechco.com\/?page_id=1305"},"modified":"2021-06-15T07:14:10","modified_gmt":"2021-06-15T07:14:10","slug":"gioi-thieu","status":"publish","type":"page","link":"https:\/\/tltechco.com\/index.php\/gioi-thieu\/","title":{"rendered":"Gi\u1edbi thi\u1ec7u"},"content":{"rendered":"\t\t<div data-elementor-type=\"wp-page\" data-elementor-id=\"1305\" class=\"elementor elementor-1305\">\n\t\t\t\t\t\t<section class=\"elementor-section elementor-top-section elementor-element elementor-element-d0e7fca elementor-section-boxed elementor-section-height-default elementor-section-height-default\" data-id=\"d0e7fca\" data-element_type=\"section\" data-e-type=\"section\">\n\t\t\t\t\t\t<div class=\"elementor-container elementor-column-gap-default\">\n\t\t\t\t\t<div class=\"elementor-column elementor-col-100 elementor-top-column elementor-element elementor-element-6a32d74\" data-id=\"6a32d74\" data-element_type=\"column\" data-e-type=\"column\">\n\t\t\t<div class=\"elementor-widget-wrap elementor-element-populated\">\n\t\t\t\t\t\t<div class=\"elementor-element elementor-element-025427d elementor-widget elementor-widget-text-editor\" data-id=\"025427d\" data-element_type=\"widget\" data-e-type=\"widget\" data-widget_type=\"text-editor.default\">\n\t\t\t\t<div class=\"elementor-widget-container\">\n\t\t\t\t\t\t\t\t\t<h3><strong>Gi\u1edbi thi\u1ec7u t\u1ed5ng quan<\/strong><\/h3>\t\t\t\t\t\t\t\t<\/div>\n\t\t\t\t<\/div>\n\t\t\t\t\t<\/div>\n\t\t<\/div>\n\t\t\t\t\t<\/div>\n\t\t<\/section>\n\t\t\t\t<section class=\"elementor-section elementor-top-section elementor-element elementor-element-2133ffcc elementor-section-boxed elementor-section-height-default elementor-section-height-default\" data-id=\"2133ffcc\" data-element_type=\"section\" data-e-type=\"section\">\n\t\t\t\t\t\t<div class=\"elementor-container elementor-column-gap-default\">\n\t\t\t\t\t<div class=\"elementor-column elementor-col-100 elementor-top-column elementor-element elementor-element-171737f1\" data-id=\"171737f1\" data-element_type=\"column\" data-e-type=\"column\">\n\t\t\t<div class=\"elementor-widget-wrap elementor-element-populated\">\n\t\t\t\t\t\t<div class=\"elementor-element elementor-element-181f8725 elementor-widget elementor-widget-text-editor\" data-id=\"181f8725\" data-element_type=\"widget\" data-e-type=\"widget\" data-widget_type=\"text-editor.default\">\n\t\t\t\t<div class=\"elementor-widget-container\">\n\t\t\t\t\t\t\t\t\t<p><\/p>\n<p><strong>\u00a0Th\u00f4ng \u0111i\u1ec7p c\u1ee7a TLTECH<\/strong><\/p>\n<p><\/p>\n<p><em>Xin g\u1eedi t\u1edbi qu\u00fd kh\u00e1ch l\u1eddi ch\u00e0o tr\u00e2n tr\u1ecdng v\u00e0 h\u1ee3p t\u00e1c. K\u00ednh ch\u00fac Qu\u00fd Kh\u00e1ch ng\u00e0y c\u00e0ng ph\u00e1t tri\u1ec3n v\u00e0 th\u1ecbnh v\u01b0\u1ee3ng!<\/em><\/p>\n<p><\/p>\n<p class=\"has-text-align-left\"><em>V\u1edbi 10 n\u0103m kinh nghi\u1ec7m trong l\u0129nh v\u1ef1c m\u00e1y c\u00f4ng nghi\u1ec7p c\u00f9ng \u0111\u1ed9i ng\u0169 k\u1ef9 s\u01b0 l\u00e0nh ngh\u1ec1, t\u1ed1t nghi\u1ec7p c\u00e1c tr\u01b0\u1eddng \u0111\u1ea1i h\u1ecdc danh ti\u1ebfng trong l\u0129nh v\u1ef1c m\u00e1y c\u00f4ng nghi\u1ec7p\u00a0v\u00e0 trang thi\u1ebft b\u1ecb k\u1ef9 thu\u1eadt hi\u1ec7n \u0111\u1ea1i\u00a0Ch\u00fang t\u00f4i t\u1ef1 tin \u0111\u00e1p \u1ee9ng y\u00eau c\u1ea7u c\u00f4ng vi\u1ec7c c\u1ee7a kh\u00e1ch h\u00e0ng.<\/em><\/p>\n<p><\/p>\n<p><em>Ch\u00fang t\u00f4i h\u1ed7 tr\u1ee3, t\u01b0 v\u1ea5n c\u00e1c v\u1ea5n \u0111\u1ec1 li\u00ean quan \u0111\u1ebfn c\u00e1c s\u1ea3n ph\u1ea9m m\u00e1y c\u00f4ng nghi\u1ec7p v\u00e0 c\u00e1c m\u00e1y ph\u1ee5 tr\u1ee3. Cung c\u1ea5p v\u00e0 \u00a0X\u1eed l\u00fd nhanh v\u00e0 tri\u1ec7t \u0111\u1ec3 c\u00e1c v\u1ea5n \u0111\u1ec1 li\u00ean quan \u0111\u1ebfn m\u00e1y c\u00f4ng nghi\u1ec7p.\u00a0Gi\u00e1 c\u1ea3 c\u1ea1nh tranh, \u0111\u1eb7t ch\u1ea5t l\u01b0\u1ee3ng s\u1eeda ch\u1eefa l\u00ean h\u00e0ng \u0111\u1ea7u v\u00e0 \u0111\u1eb7c bi\u1ec7t lu\u00f4n\u00a0mong mu\u1ed1n mang \u0111\u1ebfn nh\u1eefng g\u00ec t\u1ed1t nh\u1ea5t \u0111\u1ebfn cho kh\u00e1ch h\u00e0ng.<\/em><\/p>\n<p><\/p>\n<p><em>\u00a0\u0110\u1ebfn v\u1edbi d\u1ecbch v\u1ee5 c\u1ee7a ch\u00fang t\u00f4i , kh\u00e1ch h\u00e0ng s\u1ebd ho\u00e0n to\u00e0n y\u00ean t\u00e2m khi \u0111\u01b0\u1ee3c h\u1ed7 tr\u1ee3 t\u1ed1t v\u1ec1 m\u1eb7t k\u1ef9 thu\u1eadt v\u00e0 d\u1ecbch v\u1ee5 v\u1edbi chi ph\u00ed gi\u00e1 c\u1ea3 h\u1ee3p l\u00fd nh\u1ea5t. B\u1edfi v\u00ec \u201cs\u1ef1 th\u00e0nh c\u00f4ng c\u1ee7a b\u1ea1n c\u0169ng ch\u00ednh l\u00e0 s\u1ef1 th\u00e0nh c\u00f4ng c\u1ee7a ch\u00fang t\u00f4i\u201d.<\/em><\/p>\n<p><\/p>\n<p><strong>H\u1ed3 s\u01a1 c\u00f4ng ty<\/strong><\/p>\n<p><\/p>\n<figure id=\"company-prf\" class=\"wp-block-table\">\n<table>\n<tbody>\n<tr>\n<td>T\u00ean c\u00f4ng ty<\/td>\n<td>C\u00f4ng ty TNHH TLTECH<\/td>\n<\/tr>\n<tr>\n<td>\u0110\u1ea1i di\u1ec7n<\/td>\n<td>TR\u1ecaNH TH\u1eca LAN<\/td>\n<\/tr>\n<tr>\n<td>Kinh doanh<\/td>\n<td><strong>C<\/strong>ung c\u1ea5p m\u00e1y m\u00f3c c\u00f4ng nghi\u1ec7p( m\u00e1y c\u00f4ng c\u1ee5, m\u00e1y ch\u1ebf bi\u1ebfn g\u1ed7, m\u00e1y \u0111\u00e1 v\u00e0 c\u00e1c thi\u00eat b\u1ecb ph\u1ee5 ki\u1ec7n<br \/>B\u1ea3o d\u01b0\u1ee1ng, b\u1ea3o tr\u00ec theo \u0111\u1ecbnh k\u1ef3.<br \/>L\u1eafp \u0111\u1eb7t, chuy\u1ec3n dao c\u00f4ng ngh\u1ec7, h\u01b0\u1edbng d\u1eabn s\u1eed d\u1ee5ng cho kh\u00e1ch h\u00e0ng , m\u00e1y c\u00f3 c\u00e1c h\u1ec7 \u0111i\u1ec1u h\u00e0nh Fanuc , mitsubishi v\u00e0 m\u1ed9t s\u1ed1 m\u00e1y c\u1ee7a \u0110\u00e0i Loan, H\u00e0n Qu\u1ed1c,\u00a0 \u2026\u2026\u2026\u2026\u2026\u2026\u2026\u2026.<br \/>Ki\u1ec3m tra , s\u1eeda ch\u1eefa, gi\u1ea3i \u0111\u00e1p s\u1ef1 c\u1ed1 khi v\u1eadn h\u00e0nh, s\u1ea3n xu\u1ea5t, c\u00e1c v\u1ea5n \u0111\u1ec1 li\u00ean quan t\u1edbi m\u00e1y m\u1ed9t c\u00e1ch nhanh nh\u1ea5t v\u00e0 t\u1ed1t nh\u1ea5t.<\/td>\n<\/tr>\n<tr>\n<td>\u00a0<\/td>\n<td>\u00a0<\/td>\n<\/tr>\n<tr>\n<td>Tr\u1ee5 s\u1edf ch\u00ednh<\/td>\n<td>B7 T\u1eadp th\u1ec3 V\u0103n h\u00f2a, th\u00f4n Y\u00ean ph\u00fa X\u00e3 Li\u00ean Ninh, Huy\u1ec7n Thanh tr\u00ec, Th\u00e0nh ph\u1ed1 H\u00e0 N\u1ed9i, Vi\u1ec7t Nam<\/td>\n<\/tr>\n<tr>\n<td>Trang ch\u1ee7<\/td>\n<td>https:\/\/tltechco.com\/<\/td>\n<\/tr>\n<\/tbody>\n<\/table>\n<\/figure>\n<p><\/p>\n<p><\/p>\n<p><\/p>\n<p><\/p>\t\t\t\t\t\t\t\t<\/div>\n\t\t\t\t<\/div>\n\t\t\t\t\t<\/div>\n\t\t<\/div>\n\t\t\t\t\t<\/div>\n\t\t<\/section>\n\t\t\t\t<section class=\"elementor-section elementor-top-section elementor-element elementor-element-e024ca6 elementor-section-boxed elementor-section-height-default elementor-section-height-default\" data-id=\"e024ca6\" data-element_type=\"section\" data-e-type=\"section\">\n\t\t\t\t\t\t<div class=\"elementor-container elementor-column-gap-default\">\n\t\t\t\t\t<div class=\"elementor-column elementor-col-100 elementor-top-column elementor-element elementor-element-a4cce35\" data-id=\"a4cce35\" data-element_type=\"column\" data-e-type=\"column\">\n\t\t\t<div class=\"elementor-widget-wrap elementor-element-populated\">\n\t\t\t\t\t\t<div class=\"elementor-element elementor-element-79a6a45 elementor-widget elementor-widget-google_maps\" data-id=\"79a6a45\" data-element_type=\"widget\" data-e-type=\"widget\" data-widget_type=\"google_maps.default\">\n\t\t\t\t<div class=\"elementor-widget-container\">\n\t\t\t\t\t\t\t<div class=\"elementor-custom-embed\">\n\t\t\t<iframe loading=\"lazy\"\n\t\t\t\t\tsrc=\"https:\/\/maps.google.com\/maps?q=YEN%20PH%C3%9A%2C%20LI%C3%8AN%20NINH%2C%20THANH%20TRI%2C%20HA%20NOI&#038;t=m&#038;z=16&#038;output=embed&#038;iwloc=near\"\n\t\t\t\t\ttitle=\"YEN PH\u00da, LI\u00caN NINH, THANH TRI, HA NOI\"\n\t\t\t\t\taria-label=\"YEN PH\u00da, LI\u00caN NINH, THANH TRI, HA NOI\"\n\t\t\t><\/iframe>\n\t\t<\/div>\n\t\t\t\t\t\t<\/div>\n\t\t\t\t<\/div>\n\t\t\t\t\t<\/div>\n\t\t<\/div>\n\t\t\t\t\t<\/div>\n\t\t<\/section>\n\t\t\t\t<\/div>\n\t\t","protected":false},"excerpt":{"rendered":"<p>Gi\u1edbi thi\u1ec7u t\u1ed5ng quan \u00a0Th\u00f4ng \u0111i\u1ec7p c\u1ee7a TLTECH Xin g\u1eedi t\u1edbi qu\u00fd kh\u00e1ch l\u1eddi ch\u00e0o tr\u00e2n tr\u1ecdng v\u00e0 h\u1ee3p t\u00e1c. K\u00ednh ch\u00fac Qu\u00fd Kh\u00e1ch ng\u00e0y c\u00e0ng ph\u00e1t tri\u1ec3n v\u00e0 th\u1ecbnh v\u01b0\u1ee3ng! V\u1edbi 10 n\u0103m kinh nghi\u1ec7m trong l\u0129nh v\u1ef1c m\u00e1y c\u00f4ng nghi\u1ec7p c\u00f9ng \u0111\u1ed9i ng\u0169 k\u1ef9 s\u01b0 l\u00e0nh ngh\u1ec1, t\u1ed1t nghi\u1ec7p c\u00e1c tr\u01b0\u1eddng \u0111\u1ea1i h\u1ecdc [&hellip;]<\/p>\n","protected":false},"author":1,"featured_media":0,"parent":0,"menu_order":0,"comment_status":"closed","ping_status":"closed","template":"","meta":{"site-sidebar-layout":"no-sidebar","site-content-layout":"page-builder","ast-site-content-layout":"","site-content-style":"default","site-sidebar-style":"default","ast-global-header-display":"","ast-banner-title-visibility":"","ast-main-header-display":"","ast-hfb-above-header-display":"","ast-hfb-below-header-display":"","ast-hfb-mobile-header-display":"","site-post-title":"disabled","ast-breadcrumbs-content":"","ast-featured-img":"disabled","footer-sml-layout":"","theme-transparent-header-meta":"default","adv-header-id-meta":"","stick-header-meta":"","header-above-stick-meta":"","header-main-stick-meta":"","header-below-stick-meta":"","astra-migrate-meta-layouts":"default","ast-page-background-enabled":"default","ast-page-background-meta":{"desktop":{"background-color":"var(--ast-global-color-4)","background-image":"","background-repeat":"repeat","background-position":"center center","background-size":"auto","background-attachment":"scroll","background-type":"","background-media":"","overlay-type":"","overlay-color":"","overlay-gradient":""},"tablet":{"background-color":"","background-image":"","background-repeat":"repeat","background-position":"center center","background-size":"auto","background-attachment":"scroll","background-type":"","background-media":"","overlay-type":"","overlay-color":"","overlay-gradient":""},"mobile":{"background-color":"","background-image":"","background-repeat":"repeat","background-position":"center center","background-size":"auto","background-attachment":"scroll","background-type":"","background-media":"","overlay-type":"","overlay-color":"","overlay-gradient":""}},"ast-content-background-meta":{"desktop":{"background-color":"var(--ast-global-color-5)","background-image":"","background-repeat":"repeat","background-position":"center center","background-size":"auto","background-attachment":"scroll","background-type":"","background-media":"","overlay-type":"","overlay-color":"","overlay-gradient":""},"tablet":{"background-color":"var(--ast-global-color-5)","background-image":"","background-repeat":"repeat","background-position":"center center","background-size":"auto","background-attachment":"scroll","background-type":"","background-media":"","overlay-type":"","overlay-color":"","overlay-gradient":""},"mobile":{"background-color":"var(--ast-global-color-5)","background-image":"","background-repeat":"repeat","background-position":"center center","background-size":"auto","background-attachment":"scroll","background-type":"","background-media":"","overlay-type":"","overlay-color":"","overlay-gradient":""}},"footnotes":""},"class_list":["post-1305","page","type-page","status-publish","hentry"],"yoast_head":"<!-- This site is optimized with the Yoast SEO plugin v21.8 - https:\/\/yoast.com\/wordpress\/plugins\/seo\/ -->\n<title>Gi\u1edbi thi\u1ec7u - M\u00e1y c\u00f4ng nghi\u1ec7p<\/title>\n<meta name=\"description\" content=\"Nh\u00e2\u0323n ba\u0309o d\u01b0\u01a1\u0303ng, ba\u0309o tri\u0300 theo \u0111i\u0323nh ky\u0300.Nh\u00e2\u0323n l\u0103\u0301p \u0111\u0103\u0323t, chuy\u00ea\u0309n dao c\u00f4ng ngh\u00ea\u0323, h\u01b0\u01a1\u0301ng d\u1eabn s\u01b0\u0309 du\u0323ng cho kha\u0301ch ha\u0300ng .Nh\u00e2\u0323n ki\u00ea\u0309m tra , s\u1eeda ch\u01b0\u0303a, gia\u0309i \u0111\u00e1p s\u01b0\u0323 c\u00f4\u0301 khi v\u00e2\u0323n ha\u0300nh, sa\u0309n xu\u00e2\u0301t, ca\u0301c v\u00e2\u0301n \u0111\u00ea\u0300 li\u00ean quan t\u01a1\u0301i ma\u0301y: M\u00e1y C\u00f4ng c\u1ee5:M\u00e1y ch\u1ebf bi\u1ebfn g\u1ed7:M\u00e1y ng\u00e0nh nh\u1ef1a, m\u00e1y in c\u00f4ng ngi\u1ec7p, m\u00e1y ng\u00e0nh d\u1ec7t: M\u00e1y ph\u1ee5 tr\u1ee3 cho ng\u00e0nh c\u00f4ng nghi\u1ec7p:C\u00e1c thi\u1ebft b\u1ecb ph\u1ee5 ki\u1ec7n cho m\u00e1y c\u00f4ng nghi\u1ec7p\" \/>\n<meta name=\"robots\" content=\"index, follow, max-snippet:-1, max-image-preview:large, max-video-preview:-1\" \/>\n<link rel=\"canonical\" href=\"https:\/\/tltechco.com\/index.php\/gioi-thieu\/\" \/>\n<meta property=\"og:locale\" content=\"vi_VN\" \/>\n<meta property=\"og:type\" content=\"article\" \/>\n<meta property=\"og:title\" content=\"Gi\u1edbi thi\u1ec7u - M\u00e1y c\u00f4ng nghi\u1ec7p\" \/>\n<meta property=\"og:description\" content=\"Nh\u00e2\u0323n ba\u0309o d\u01b0\u01a1\u0303ng, ba\u0309o tri\u0300 theo \u0111i\u0323nh ky\u0300.Nh\u00e2\u0323n l\u0103\u0301p \u0111\u0103\u0323t, chuy\u00ea\u0309n dao c\u00f4ng ngh\u00ea\u0323, h\u01b0\u01a1\u0301ng d\u1eabn s\u01b0\u0309 du\u0323ng cho kha\u0301ch ha\u0300ng .Nh\u00e2\u0323n ki\u00ea\u0309m tra , s\u1eeda ch\u01b0\u0303a, gia\u0309i \u0111\u00e1p s\u01b0\u0323 c\u00f4\u0301 khi v\u00e2\u0323n ha\u0300nh, sa\u0309n xu\u00e2\u0301t, ca\u0301c v\u00e2\u0301n \u0111\u00ea\u0300 li\u00ean quan t\u01a1\u0301i ma\u0301y: M\u00e1y C\u00f4ng c\u1ee5:M\u00e1y ch\u1ebf bi\u1ebfn g\u1ed7:M\u00e1y ng\u00e0nh nh\u1ef1a, m\u00e1y in c\u00f4ng ngi\u1ec7p, m\u00e1y ng\u00e0nh d\u1ec7t: M\u00e1y ph\u1ee5 tr\u1ee3 cho ng\u00e0nh c\u00f4ng nghi\u1ec7p:C\u00e1c thi\u1ebft b\u1ecb ph\u1ee5 ki\u1ec7n cho m\u00e1y c\u00f4ng nghi\u1ec7p\" \/>\n<meta property=\"og:url\" content=\"https:\/\/tltechco.com\/index.php\/gioi-thieu\/\" \/>\n<meta property=\"og:site_name\" content=\"M\u00e1y c\u00f4ng nghi\u1ec7p\" \/>\n<meta property=\"article:modified_time\" content=\"2021-06-15T07:14:10+00:00\" \/>\n<meta name=\"twitter:card\" content=\"summary_large_image\" \/>\n<meta name=\"twitter:label1\" content=\"\u01af\u1edbc t\u00ednh th\u1eddi gian \u0111\u1ecdc\" \/>\n\t<meta name=\"twitter:data1\" content=\"2 ph\u00fat\" \/>\n<script type=\"application\/ld+json\" class=\"yoast-schema-graph\">{\"@context\":\"https:\/\/schema.org\",\"@graph\":[{\"@type\":[\"WebPage\",\"ItemPage\"],\"@id\":\"https:\/\/tltechco.com\/index.php\/gioi-thieu\/\",\"url\":\"https:\/\/tltechco.com\/index.php\/gioi-thieu\/\",\"name\":\"Gi\u1edbi thi\u1ec7u - M\u00e1y c\u00f4ng nghi\u1ec7p\",\"isPartOf\":{\"@id\":\"https:\/\/tltechco.com\/#website\"},\"datePublished\":\"2021-05-14T03:32:46+00:00\",\"dateModified\":\"2021-06-15T07:14:10+00:00\",\"description\":\"Nh\u00e2\u0323n ba\u0309o d\u01b0\u01a1\u0303ng, ba\u0309o tri\u0300 theo \u0111i\u0323nh ky\u0300.Nh\u00e2\u0323n l\u0103\u0301p \u0111\u0103\u0323t, chuy\u00ea\u0309n dao c\u00f4ng ngh\u00ea\u0323, h\u01b0\u01a1\u0301ng d\u1eabn s\u01b0\u0309 du\u0323ng cho kha\u0301ch ha\u0300ng .Nh\u00e2\u0323n ki\u00ea\u0309m tra , s\u1eeda ch\u01b0\u0303a, gia\u0309i \u0111\u00e1p s\u01b0\u0323 c\u00f4\u0301 khi v\u00e2\u0323n ha\u0300nh, sa\u0309n xu\u00e2\u0301t, ca\u0301c v\u00e2\u0301n \u0111\u00ea\u0300 li\u00ean quan t\u01a1\u0301i ma\u0301y: M\u00e1y C\u00f4ng c\u1ee5:M\u00e1y ch\u1ebf bi\u1ebfn g\u1ed7:M\u00e1y ng\u00e0nh nh\u1ef1a, m\u00e1y in c\u00f4ng ngi\u1ec7p, m\u00e1y ng\u00e0nh d\u1ec7t: M\u00e1y ph\u1ee5 tr\u1ee3 cho ng\u00e0nh c\u00f4ng nghi\u1ec7p:C\u00e1c thi\u1ebft b\u1ecb ph\u1ee5 ki\u1ec7n cho m\u00e1y c\u00f4ng nghi\u1ec7p\",\"breadcrumb\":{\"@id\":\"https:\/\/tltechco.com\/index.php\/gioi-thieu\/#breadcrumb\"},\"inLanguage\":\"vi\",\"potentialAction\":[{\"@type\":\"ReadAction\",\"target\":[\"https:\/\/tltechco.com\/index.php\/gioi-thieu\/\"]}]},{\"@type\":\"BreadcrumbList\",\"@id\":\"https:\/\/tltechco.com\/index.php\/gioi-thieu\/#breadcrumb\",\"itemListElement\":[{\"@type\":\"ListItem\",\"position\":1,\"name\":\"Trang ch\u1ee7\",\"item\":\"https:\/\/tltechco.com\/index.php\/en\/\"},{\"@type\":\"ListItem\",\"position\":2,\"name\":\"Gi\u1edbi thi\u1ec7u\"}]},{\"@type\":\"WebSite\",\"@id\":\"https:\/\/tltechco.com\/#website\",\"url\":\"https:\/\/tltechco.com\/\",\"name\":\"M\u00e1y c\u00f4ng nghi\u1ec7p\",\"description\":\"C\u00f4ng ty TNHH TLTECH\",\"publisher\":{\"@id\":\"https:\/\/tltechco.com\/#organization\"},\"potentialAction\":[{\"@type\":\"SearchAction\",\"target\":{\"@type\":\"EntryPoint\",\"urlTemplate\":\"https:\/\/tltechco.com\/?s={search_term_string}\"},\"query-input\":\"required name=search_term_string\"}],\"inLanguage\":\"vi\"},{\"@type\":\"Organization\",\"@id\":\"https:\/\/tltechco.com\/#organization\",\"name\":\"C\u00d4NG TY TNHH TLTECH\",\"url\":\"https:\/\/tltechco.com\/\",\"logo\":{\"@type\":\"ImageObject\",\"inLanguage\":\"vi\",\"@id\":\"https:\/\/tltechco.com\/#\/schema\/logo\/image\/\",\"url\":\"http:\/\/tltechco.com\/wp-content\/uploads\/2021\/05\/cropped-IMG_6732-1.png\",\"contentUrl\":\"http:\/\/tltechco.com\/wp-content\/uploads\/2021\/05\/cropped-IMG_6732-1.png\",\"width\":655,\"height\":248,\"caption\":\"C\u00d4NG TY TNHH TLTECH\"},\"image\":{\"@id\":\"https:\/\/tltechco.com\/#\/schema\/logo\/image\/\"}}]}<\/script>\n<!-- \/ Yoast SEO plugin. -->","yoast_head_json":{"title":"Gi\u1edbi thi\u1ec7u - M\u00e1y c\u00f4ng nghi\u1ec7p","description":"Nh\u00e2\u0323n ba\u0309o d\u01b0\u01a1\u0303ng, ba\u0309o tri\u0300 theo \u0111i\u0323nh ky\u0300.Nh\u00e2\u0323n l\u0103\u0301p \u0111\u0103\u0323t, chuy\u00ea\u0309n dao c\u00f4ng ngh\u00ea\u0323, h\u01b0\u01a1\u0301ng d\u1eabn s\u01b0\u0309 du\u0323ng cho kha\u0301ch ha\u0300ng .Nh\u00e2\u0323n ki\u00ea\u0309m tra , s\u1eeda ch\u01b0\u0303a, gia\u0309i \u0111\u00e1p s\u01b0\u0323 c\u00f4\u0301 khi v\u00e2\u0323n ha\u0300nh, sa\u0309n xu\u00e2\u0301t, ca\u0301c v\u00e2\u0301n \u0111\u00ea\u0300 li\u00ean quan t\u01a1\u0301i ma\u0301y: M\u00e1y C\u00f4ng c\u1ee5:M\u00e1y ch\u1ebf bi\u1ebfn g\u1ed7:M\u00e1y ng\u00e0nh nh\u1ef1a, m\u00e1y in c\u00f4ng ngi\u1ec7p, m\u00e1y ng\u00e0nh d\u1ec7t: M\u00e1y ph\u1ee5 tr\u1ee3 cho ng\u00e0nh c\u00f4ng nghi\u1ec7p:C\u00e1c thi\u1ebft b\u1ecb ph\u1ee5 ki\u1ec7n cho m\u00e1y c\u00f4ng nghi\u1ec7p","robots":{"index":"index","follow":"follow","max-snippet":"max-snippet:-1","max-image-preview":"max-image-preview:large","max-video-preview":"max-video-preview:-1"},"canonical":"https:\/\/tltechco.com\/index.php\/gioi-thieu\/","og_locale":"vi_VN","og_type":"article","og_title":"Gi\u1edbi thi\u1ec7u - M\u00e1y c\u00f4ng nghi\u1ec7p","og_description":"Nh\u00e2\u0323n ba\u0309o d\u01b0\u01a1\u0303ng, ba\u0309o tri\u0300 theo \u0111i\u0323nh ky\u0300.Nh\u00e2\u0323n l\u0103\u0301p \u0111\u0103\u0323t, chuy\u00ea\u0309n dao c\u00f4ng ngh\u00ea\u0323, h\u01b0\u01a1\u0301ng d\u1eabn s\u01b0\u0309 du\u0323ng cho kha\u0301ch ha\u0300ng .Nh\u00e2\u0323n ki\u00ea\u0309m tra , s\u1eeda ch\u01b0\u0303a, gia\u0309i \u0111\u00e1p s\u01b0\u0323 c\u00f4\u0301 khi v\u00e2\u0323n ha\u0300nh, sa\u0309n xu\u00e2\u0301t, ca\u0301c v\u00e2\u0301n \u0111\u00ea\u0300 li\u00ean quan t\u01a1\u0301i ma\u0301y: M\u00e1y C\u00f4ng c\u1ee5:M\u00e1y ch\u1ebf bi\u1ebfn g\u1ed7:M\u00e1y ng\u00e0nh nh\u1ef1a, m\u00e1y in c\u00f4ng ngi\u1ec7p, m\u00e1y ng\u00e0nh d\u1ec7t: M\u00e1y ph\u1ee5 tr\u1ee3 cho ng\u00e0nh c\u00f4ng nghi\u1ec7p:C\u00e1c thi\u1ebft b\u1ecb ph\u1ee5 ki\u1ec7n cho m\u00e1y c\u00f4ng nghi\u1ec7p","og_url":"https:\/\/tltechco.com\/index.php\/gioi-thieu\/","og_site_name":"M\u00e1y c\u00f4ng nghi\u1ec7p","article_modified_time":"2021-06-15T07:14:10+00:00","twitter_card":"summary_large_image","twitter_misc":{"\u01af\u1edbc t\u00ednh th\u1eddi gian \u0111\u1ecdc":"2 ph\u00fat"},"schema":{"@context":"https:\/\/schema.org","@graph":[{"@type":["WebPage","ItemPage"],"@id":"https:\/\/tltechco.com\/index.php\/gioi-thieu\/","url":"https:\/\/tltechco.com\/index.php\/gioi-thieu\/","name":"Gi\u1edbi thi\u1ec7u - M\u00e1y c\u00f4ng nghi\u1ec7p","isPartOf":{"@id":"https:\/\/tltechco.com\/#website"},"datePublished":"2021-05-14T03:32:46+00:00","dateModified":"2021-06-15T07:14:10+00:00","description":"Nh\u00e2\u0323n ba\u0309o d\u01b0\u01a1\u0303ng, ba\u0309o tri\u0300 theo \u0111i\u0323nh ky\u0300.Nh\u00e2\u0323n l\u0103\u0301p \u0111\u0103\u0323t, chuy\u00ea\u0309n dao c\u00f4ng ngh\u00ea\u0323, h\u01b0\u01a1\u0301ng d\u1eabn s\u01b0\u0309 du\u0323ng cho kha\u0301ch ha\u0300ng .Nh\u00e2\u0323n ki\u00ea\u0309m tra , s\u1eeda ch\u01b0\u0303a, gia\u0309i \u0111\u00e1p s\u01b0\u0323 c\u00f4\u0301 khi v\u00e2\u0323n ha\u0300nh, sa\u0309n xu\u00e2\u0301t, ca\u0301c v\u00e2\u0301n \u0111\u00ea\u0300 li\u00ean quan t\u01a1\u0301i ma\u0301y: M\u00e1y C\u00f4ng c\u1ee5:M\u00e1y ch\u1ebf bi\u1ebfn g\u1ed7:M\u00e1y ng\u00e0nh nh\u1ef1a, m\u00e1y in c\u00f4ng ngi\u1ec7p, m\u00e1y ng\u00e0nh d\u1ec7t: M\u00e1y ph\u1ee5 tr\u1ee3 cho ng\u00e0nh c\u00f4ng nghi\u1ec7p:C\u00e1c thi\u1ebft b\u1ecb ph\u1ee5 ki\u1ec7n cho m\u00e1y c\u00f4ng nghi\u1ec7p","breadcrumb":{"@id":"https:\/\/tltechco.com\/index.php\/gioi-thieu\/#breadcrumb"},"inLanguage":"vi","potentialAction":[{"@type":"ReadAction","target":["https:\/\/tltechco.com\/index.php\/gioi-thieu\/"]}]},{"@type":"BreadcrumbList","@id":"https:\/\/tltechco.com\/index.php\/gioi-thieu\/#breadcrumb","itemListElement":[{"@type":"ListItem","position":1,"name":"Trang ch\u1ee7","item":"https:\/\/tltechco.com\/index.php\/en\/"},{"@type":"ListItem","position":2,"name":"Gi\u1edbi thi\u1ec7u"}]},{"@type":"WebSite","@id":"https:\/\/tltechco.com\/#website","url":"https:\/\/tltechco.com\/","name":"M\u00e1y c\u00f4ng nghi\u1ec7p","description":"C\u00f4ng ty TNHH TLTECH","publisher":{"@id":"https:\/\/tltechco.com\/#organization"},"potentialAction":[{"@type":"SearchAction","target":{"@type":"EntryPoint","urlTemplate":"https:\/\/tltechco.com\/?s={search_term_string}"},"query-input":"required name=search_term_string"}],"inLanguage":"vi"},{"@type":"Organization","@id":"https:\/\/tltechco.com\/#organization","name":"C\u00d4NG TY TNHH TLTECH","url":"https:\/\/tltechco.com\/","logo":{"@type":"ImageObject","inLanguage":"vi","@id":"https:\/\/tltechco.com\/#\/schema\/logo\/image\/","url":"http:\/\/tltechco.com\/wp-content\/uploads\/2021\/05\/cropped-IMG_6732-1.png","contentUrl":"http:\/\/tltechco.com\/wp-content\/uploads\/2021\/05\/cropped-IMG_6732-1.png","width":655,"height":248,"caption":"C\u00d4NG TY TNHH TLTECH"},"image":{"@id":"https:\/\/tltechco.com\/#\/schema\/logo\/image\/"}}]}},"_links":{"self":[{"href":"https:\/\/tltechco.com\/index.php\/wp-json\/wp\/v2\/pages\/1305","targetHints":{"allow":["GET"]}}],"collection":[{"href":"https:\/\/tltechco.com\/index.php\/wp-json\/wp\/v2\/pages"}],"about":[{"href":"https:\/\/tltechco.com\/index.php\/wp-json\/wp\/v2\/types\/page"}],"author":[{"embeddable":true,"href":"https:\/\/tltechco.com\/index.php\/wp-json\/wp\/v2\/users\/1"}],"replies":[{"embeddable":true,"href":"https:\/\/tltechco.com\/index.php\/wp-json\/wp\/v2\/comments?post=1305"}],"version-history":[{"count":37,"href":"https:\/\/tltechco.com\/index.php\/wp-json\/wp\/v2\/pages\/1305\/revisions"}],"predecessor-version":[{"id":2508,"href":"https:\/\/tltechco.com\/index.php\/wp-json\/wp\/v2\/pages\/1305\/revisions\/2508"}],"wp:attachment":[{"href":"https:\/\/tltechco.com\/index.php\/wp-json\/wp\/v2\/media?parent=1305"}],"curies":[{"name":"wp","href":"https:\/\/api.w.org\/{rel}","templated":true}]}}